{"id":69,"date":"2017-07-21T08:53:18","date_gmt":"2017-07-21T08:53:18","guid":{"rendered":"https:\/\/www.intersyntaxe.com\/wordpress\/?page_id=69"},"modified":"2017-07-21T10:45:20","modified_gmt":"2017-07-21T10:45:20","slug":"a-propos","status":"publish","type":"page","link":"https:\/\/www.intersyntax.net\/?page_id=69","title":{"rendered":"A propos"},"content":{"rendered":"<h2>Qui sommes-nous ?<\/h2>\n<p>InterSyntax SAS a \u00e9t\u00e9 cr\u00e9\u00e9e \u00e0 l\u2019initiative de trois consultants en strat\u00e9gie, Raoul de Saint Venant, Fran\u00e7ois Chavaudret et Arnaud de Boysson, pour accompagner les d\u00e9cisions des entreprises industrielles et financi\u00e8res par des simulations d\u2019autant plus faciles que l\u2019environnement \u00e9conomique exige plus de r\u00e9activit\u00e9.<\/p>\n<p>Les services d\u2019interSyntax facilitent et rendent plus efficace le cycle de mod\u00e9lisation sur Excel : construction, maintenance et publication de mod\u00e8les. Accessibles en mode Saas, ils sont compatibles avec les autres tableurs du march\u00e9\u00a0: Open Office, Anaplan, Google Doc \u2026<\/p>\n<p>Fond\u00e9s sur une technologie de duplication automatis\u00e9e, ils donnent acc\u00e8s \u00e0 une d\u00e9marche de mod\u00e9lisation structur\u00e9e r\u00e9sultant de plusieurs dizaines d\u2019ann\u00e9es d\u2019exp\u00e9riences professionnelles en mod\u00e9lisation \u00e9conomique et financi\u00e8re.<\/p>\n","protected":false},"excerpt":{"rendered":"<p>Qui sommes-nous ? InterSyntax SAS a \u00e9t\u00e9 cr\u00e9\u00e9e \u00e0 l\u2019initiative de trois consultants en strat\u00e9gie, Raoul de Saint Venant, Fran\u00e7ois Chavaudret et Arnaud de Boysson, pour accompagner les d\u00e9cisions des entreprises industrielles et financi\u00e8res par des simulations d\u2019autant plus faciles que l\u2019environnement \u00e9conomique exige plus de r\u00e9activit\u00e9. Les services d\u2019interSyntax [&hellip;]<\/p>\n","protected":false},"author":1,"featured_media":0,"parent":0,"menu_order":0,"comment_status":"closed","ping_status":"closed","template":"","meta":{"footnotes":""},"class_list":["post-69","page","type-page","status-publish","hentry"],"_links":{"self":[{"href":"https:\/\/www.intersyntax.net\/index.php?rest_route=\/wp\/v2\/pages\/69","targetHints":{"allow":["GET"]}}],"collection":[{"href":"https:\/\/www.intersyntax.net\/index.php?rest_route=\/wp\/v2\/pages"}],"about":[{"href":"https:\/\/www.intersyntax.net\/index.php?rest_route=\/wp\/v2\/types\/page"}],"author":[{"embeddable":true,"href":"https:\/\/www.intersyntax.net\/index.php?rest_route=\/wp\/v2\/users\/1"}],"replies":[{"embeddable":true,"href":"https:\/\/www.intersyntax.net\/index.php?rest_route=%2Fwp%2Fv2%2Fcomments&post=69"}],"version-history":[{"count":2,"href":"https:\/\/www.intersyntax.net\/index.php?rest_route=\/wp\/v2\/pages\/69\/revisions"}],"predecessor-version":[{"id":130,"href":"https:\/\/www.intersyntax.net\/index.php?rest_route=\/wp\/v2\/pages\/69\/revisions\/130"}],"wp:attachment":[{"href":"https:\/\/www.intersyntax.net\/index.php?rest_route=%2Fwp%2Fv2%2Fmedia&parent=69"}],"curies":[{"name":"wp","href":"https:\/\/api.w.org\/{rel}","templated":true}]}}