{"id":73,"date":"2017-07-21T08:55:41","date_gmt":"2017-07-21T08:55:41","guid":{"rendered":"https:\/\/www.intersyntaxe.com\/wordpress\/?page_id=73"},"modified":"2022-02-09T09:44:13","modified_gmt":"2022-02-09T09:44:13","slug":"partenaires","status":"publish","type":"page","link":"https:\/\/www.intersyntax.net\/?page_id=73","title":{"rendered":"Partenaires"},"content":{"rendered":"<p>Les partenaires d\u2019interSyntax sont des experts en organisation d\u00e9cisionnelle. Ils proposent d\u2019accompagner les entreprises industrielles et financi\u00e8res dans l\u2019am\u00e9lioration de leurs performances d\u00e9cisionnelles en collaboration avec interSyntax. La liste ci-dessous vous permettra de choisir celui qui vous convient le mieux.<br \/>\nC-Model, l\u2019outil d\u2019interSyntax apporte \u00e0 ces professionnels une performance sans \u00e9quivalent pour construire, partager et maintenir des mod\u00e8les de simulation \u00e9conomique et financi\u00e8re. Comme pour chaque outil industriel, se pose la question de son utilisation collective et par cons\u00e9quent de l\u2019organisation d\u00e9cisionnelle qu\u2019ils peuvent proposer : cahier des charges jusqu\u2019\u00e0 formation des utilisateurs.<\/p>\n<h2><strong>Quelques partenaires<\/strong><\/h2>\n<h3><strong>ModelEdition<\/strong><\/h3>\n<p>ModelEdition SAS est le pionnier de l\u2019organisation d\u00e9cisionnelle. Cette soci\u00e9t\u00e9 a \u00e9t\u00e9 cr\u00e9\u00e9e en 2001 par un groupe de consultants en strat\u00e9gie exp\u00e9riment\u00e9s prenant conscience des besoins des grandes entreprises en mati\u00e8re de pr\u00e9paration et de suivi d\u00e9cisionnels. L\u2019\u00e9quipe, rassembl\u00e9e autour de Raoul de Saint Venant, poss\u00e8de des r\u00e9f\u00e9rences aupr\u00e8s de la plupart des grandes entreprises europ\u00e9ennes et dans les secteurs les plus vari\u00e9es. Les missions les plus r\u00e9centes ont \u00e9t\u00e9 r\u00e9alis\u00e9es aupr\u00e8s de : Splintex, AGC-Europe, Renault, Essilor France Telecom and Bouygues Telecom.<\/p>\n<h4><strong>Contact<\/strong>\u00a0:<\/h4>\n<p>Antoine Barr\u00e9 ;<br \/>\n01 40 88 01 22 ;<br \/>\nmodeledition@gmail.com<br \/>\nwww.modelEdition.com<\/p>\n<h3><strong>Dr. Michael Rees, docteur en math\u00e9matiques.<\/strong><\/h3>\n<p>Michael Rees est un expert ind\u00e9pendant en mod\u00e8les quantitatifs d\u2019\u00e9valuation et d\u2019analyse des risques. Il aide les dirigeants \u00e0 \u00e9valuer et communiquer leurs d\u00e9cisions autour de prestations de formation sur mesure, de mod\u00e9lisation et d\u2019autres services associ\u00e9s.<\/p>\n<p>Il a publi\u00e9 deux ouvrages sur ce sujet\u00a0: \u00ab\u00a0Financial Modelling in practice\u00a0\u00bb (John Wiley &amp; Sons, 2008) et \u00ab\u00a0Business Risk and Simulation Modelling in practice\u00a0\u00bb (John Wiley &amp; Sons, 2015).<\/p>\n<p>Michael a 25 ann\u00e9es d\u2019exp\u00e9rience dans le monde de l\u2019entreprise et la finance, notamment dans les secteurs de l\u2019\u00e9nergie, de la gestion d\u2019actifs, de la finance et de l\u2019assurance collective et individuelle. Il a exerc\u00e9 dans plusieurs pays et parle couramment l\u2019anglais (langue maternelle),\u00a0 le Fran\u00e7ais et l\u2019Allemand.<\/p>\n<p>Il compte parmi les formateurs et les consultants les plus exp\u00e9riment\u00e9s en Europe pour l\u2019\u00e9valuation quantitative des risques \u00e9conomiques et financiers. Il a conseill\u00e9 et form\u00e9 plus de 2000 responsables sur le th\u00e8me de la simulation et des outils accompagnant la prise de d\u00e9cision par leur optimisation et l\u2019analyse de leurs risques.<\/p>\n<p>Avant d\u2019exercer comme consultant ind\u00e9pendant, apr\u00e8s 2002, Michael a \u00e9t\u00e9 principal chez Mercer Management Consulting (ex Oliver Wyman) dont il a conduit les principaux projets dans le domaine de la strat\u00e9gie, de l\u2019organisation et de la gestion du changement. Auparavant, Vice-Pr\u00e9sident chez J. P. Morgan en charge des pr\u00e9visions financi\u00e8res il a \u00e9t\u00e9 \u00e9lu meilleur analyste de la City (top City analyst) par l\u2019ensemble des soci\u00e9t\u00e9s qu\u2019il suivait et a \u00e9t\u00e9 distingu\u00e9 dans l\u2019Institutional Investor 2002 survey.<\/p>\n<p>Michael a re\u00e7u un doctorat en mod\u00e9lisation math\u00e9matique et algorithmique num\u00e9rique de l\u2019universit\u00e9 d\u2019Oxford, un MBA avec honneurs de l\u2019INSEAD (France) et le Wilmott Award pour son certificat de finance quantitative (Certificate of Quantitative Finance).<\/p>\n","protected":false},"excerpt":{"rendered":"<p>Les partenaires d\u2019interSyntax sont des experts en organisation d\u00e9cisionnelle. Ils proposent d\u2019accompagner les entreprises industrielles et financi\u00e8res dans l\u2019am\u00e9lioration de leurs performances d\u00e9cisionnelles en collaboration avec interSyntax. La liste ci-dessous vous permettra de choisir celui qui vous convient le mieux. C-Model, l\u2019outil d\u2019interSyntax apporte \u00e0 ces professionnels une performance sans [&hellip;]<\/p>\n","protected":false},"author":1,"featured_media":0,"parent":0,"menu_order":0,"comment_status":"closed","ping_status":"closed","template":"","meta":{"footnotes":""},"class_list":["post-73","page","type-page","status-publish","hentry"],"_links":{"self":[{"href":"https:\/\/www.intersyntax.net\/index.php?rest_route=\/wp\/v2\/pages\/73","targetHints":{"allow":["GET"]}}],"collection":[{"href":"https:\/\/www.intersyntax.net\/index.php?rest_route=\/wp\/v2\/pages"}],"about":[{"href":"https:\/\/www.intersyntax.net\/index.php?rest_route=\/wp\/v2\/types\/page"}],"author":[{"embeddable":true,"href":"https:\/\/www.intersyntax.net\/index.php?rest_route=\/wp\/v2\/users\/1"}],"replies":[{"embeddable":true,"href":"https:\/\/www.intersyntax.net\/index.php?rest_route=%2Fwp%2Fv2%2Fcomments&post=73"}],"version-history":[{"count":8,"href":"https:\/\/www.intersyntax.net\/index.php?rest_route=\/wp\/v2\/pages\/73\/revisions"}],"predecessor-version":[{"id":391,"href":"https:\/\/www.intersyntax.net\/index.php?rest_route=\/wp\/v2\/pages\/73\/revisions\/391"}],"wp:attachment":[{"href":"https:\/\/www.intersyntax.net\/index.php?rest_route=%2Fwp%2Fv2%2Fmedia&parent=73"}],"curies":[{"name":"wp","href":"https:\/\/api.w.org\/{rel}","templated":true}]}}