{"id":80,"date":"2017-07-21T08:58:46","date_gmt":"2017-07-21T08:58:46","guid":{"rendered":"https:\/\/www.intersyntaxe.com\/wordpress\/?page_id=80"},"modified":"2025-09-04T13:05:02","modified_gmt":"2025-09-04T13:05:02","slug":"resources","status":"publish","type":"page","link":"https:\/\/www.intersyntax.net\/?page_id=80&lang=en","title":{"rendered":"Resources"},"content":{"rendered":"\n<h2 class=\"wp-block-heading\">support contact<\/h2>\n\n\n\n<p>Please send request to : support@intersyntax.zendesk.com<\/p>\n\n\n\n<h3 class=\"wp-block-heading\">\nVideos<\/h3>\n\n\n\n<p>Relational copy-paste examples :<\/p>\n\n\n\n<figure class=\"wp-block-embed is-type-video is-provider-youtube wp-block-embed-youtube wp-embed-aspect-16-9 wp-has-aspect-ratio\"><div class=\"wp-block-embed__wrapper\">\n<iframe loading=\"lazy\" title=\"Copier Coller R  simple\" width=\"750\" height=\"422\" src=\"https:\/\/www.youtube.com\/embed\/orZ9NrkApTI?feature=oembed\" frameborder=\"0\" allow=\"accelerometer; autoplay; clipboard-write; encrypted-media; gyroscope; picture-in-picture; web-share\" referrerpolicy=\"strict-origin-when-cross-origin\" allowfullscreen><\/iframe>\n<\/div><figcaption class=\"wp-element-caption\">\n<strong>Basic example<\/strong><\/figcaption><\/figure>\n\n\n\n<figure class=\"wp-block-embed is-type-video is-provider-youtube wp-block-embed-youtube wp-embed-aspect-16-9 wp-has-aspect-ratio\"><div class=\"wp-block-embed__wrapper\">\n<iframe loading=\"lazy\" title=\"Copier coller R  cha\u00een\u00e9\" width=\"750\" height=\"422\" src=\"https:\/\/www.youtube.com\/embed\/Osc6g65j9vA?feature=oembed\" frameborder=\"0\" allow=\"accelerometer; autoplay; clipboard-write; encrypted-media; gyroscope; picture-in-picture; web-share\" referrerpolicy=\"strict-origin-when-cross-origin\" allowfullscreen><\/iframe>\n<\/div><figcaption class=\"wp-element-caption\">Chained duplication<\/figcaption><\/figure>\n\n\n\n<figure class=\"wp-block-embed is-type-video is-provider-youtube wp-block-embed-youtube wp-embed-aspect-16-9 wp-has-aspect-ratio\"><div class=\"wp-block-embed__wrapper\">\n<iframe loading=\"lazy\" title=\"Copier coller R  crois\u00e9\" width=\"750\" height=\"422\" src=\"https:\/\/www.youtube.com\/embed\/8RWmBrgPwCA?feature=oembed\" frameborder=\"0\" allow=\"accelerometer; autoplay; clipboard-write; encrypted-media; gyroscope; picture-in-picture; web-share\" referrerpolicy=\"strict-origin-when-cross-origin\" allowfullscreen><\/iframe>\n<\/div><figcaption class=\"wp-element-caption\">Overlapped duplication<\/figcaption><\/figure>\n\n\n\n<figure class=\"wp-block-embed is-type-video is-provider-youtube wp-block-embed-youtube wp-embed-aspect-16-9 wp-has-aspect-ratio\"><div class=\"wp-block-embed__wrapper\">\n<iframe loading=\"lazy\" title=\"Copier coller R cha\u00een\u00e9 embo\u00eet\u00e9\" width=\"750\" height=\"422\" src=\"https:\/\/www.youtube.com\/embed\/LcZ8fQ5_PiY?feature=oembed\" frameborder=\"0\" allow=\"accelerometer; autoplay; clipboard-write; encrypted-media; gyroscope; picture-in-picture; web-share\" referrerpolicy=\"strict-origin-when-cross-origin\" allowfullscreen><\/iframe>\n<\/div><figcaption class=\"wp-element-caption\">Chained nested<\/figcaption><\/figure>\n\n\n\n<h3 class=\"wp-block-heading\">Documents<\/h3>\n\n\n\n<p>General approach :&nbsp;<a href=\"http:\/\/www.intersyntaxe.com\/wordpress\/wp-content\/uploads\/2019\/06\/IS-D\u00e9marche-g\u00e9n\u00e9rale.zip\">http:\/\/www.intersyntax.net\/wp-content\/uploads\/2019\/06\/IS-D\u00e9marche-g\u00e9n\u00e9rale.zip<\/a><\/p>\n\n\n\n<p>User manual :&nbsp;<a href=\"http:\/\/www.intersyntaxe.com\/wordpress\/wp-content\/uploads\/2019\/06\/Manuel-addin-IS.zip\">http:\/\/www.intersyntax.net\/wp-content\/uploads\/2019\/06\/Manuel-addin-IS.zip<\/a><\/p>\n\n\n\n<p>White paper :&nbsp;<a href=\"http:\/\/www.intersyntaxe.com\/wordpress\/wp-content\/uploads\/2017\/07\/Livre_blanc_interSyntax_sur_la_modelisation.pdf\">Livre_blanc_interSyntax_sur_la_modelisation<\/a><\/p>\n\n\n\n<h3 class=\"wp-block-heading\">Examples<\/h3>\n","protected":false},"excerpt":{"rendered":"<p>support contact Please send request to : support@intersyntax.zendesk.com Videos Relational copy-paste examples : Documents General approach :&nbsp;http:\/\/www.intersyntax.net\/wp-content\/uploads\/2019\/06\/IS-D\u00e9marche-g\u00e9n\u00e9rale.zip User manual :&nbsp;http:\/\/www.intersyntax.net\/wp-content\/uploads\/2019\/06\/Manuel-addin-IS.zip White paper :&nbsp;Livre_blanc_interSyntax_sur_la_modelisation Examples<\/p>\n","protected":false},"author":1,"featured_media":0,"parent":0,"menu_order":0,"comment_status":"closed","ping_status":"closed","template":"","meta":{"footnotes":""},"class_list":["post-80","page","type-page","status-publish","hentry"],"_links":{"self":[{"href":"https:\/\/www.intersyntax.net\/index.php?rest_route=\/wp\/v2\/pages\/80","targetHints":{"allow":["GET"]}}],"collection":[{"href":"https:\/\/www.intersyntax.net\/index.php?rest_route=\/wp\/v2\/pages"}],"about":[{"href":"https:\/\/www.intersyntax.net\/index.php?rest_route=\/wp\/v2\/types\/page"}],"author":[{"embeddable":true,"href":"https:\/\/www.intersyntax.net\/index.php?rest_route=\/wp\/v2\/users\/1"}],"replies":[{"embeddable":true,"href":"https:\/\/www.intersyntax.net\/index.php?rest_route=%2Fwp%2Fv2%2Fcomments&post=80"}],"version-history":[{"count":20,"href":"https:\/\/www.intersyntax.net\/index.php?rest_route=\/wp\/v2\/pages\/80\/revisions"}],"predecessor-version":[{"id":438,"href":"https:\/\/www.intersyntax.net\/index.php?rest_route=\/wp\/v2\/pages\/80\/revisions\/438"}],"wp:attachment":[{"href":"https:\/\/www.intersyntax.net\/index.php?rest_route=%2Fwp%2Fv2%2Fmedia&parent=80"}],"curies":[{"name":"wp","href":"https:\/\/api.w.org\/{rel}","templated":true}]}}