{"id":82,"date":"2017-07-21T08:59:04","date_gmt":"2017-07-21T08:59:04","guid":{"rendered":"https:\/\/www.intersyntaxe.com\/wordpress\/?page_id=82"},"modified":"2025-09-04T12:58:33","modified_gmt":"2025-09-04T12:58:33","slug":"ressources","status":"publish","type":"page","link":"https:\/\/www.intersyntax.net\/?page_id=82","title":{"rendered":"Ressources"},"content":{"rendered":"\n<h2 class=\"wp-block-heading\"><kbd>Contact support<\/kbd><\/h2>\n\n\n\n<p>Pri\u00e8re d&rsquo;envoyer un email \u00e0 : support@intersyntax.zendesk.com<\/p>\n\n\n\n<h2 class=\"wp-block-heading\" id=\"videos-de-demonstration\">Vid\u00e9os de d\u00e9monstration <\/h2>\n\n\n\n<p><\/p>\n\n\n\n<h3 class=\"wp-block-heading\" id=\"exemples-de-copier-coller-relationnels\">Exemples de copier-coller relationnels  <\/h3>\n\n\n\n<h4 class=\"wp-block-heading\" id=\"copier-simple\">Copier simple<\/h4>\n\n\n\n<figure class=\"wp-block-embed is-type-video is-provider-youtube wp-block-embed-youtube wp-embed-aspect-16-9 wp-has-aspect-ratio\"><div class=\"wp-block-embed__wrapper\">\n<iframe loading=\"lazy\" title=\"Copier Coller R  simple\" width=\"750\" height=\"422\" src=\"https:\/\/www.youtube.com\/embed\/orZ9NrkApTI?feature=oembed\" frameborder=\"0\" allow=\"accelerometer; autoplay; clipboard-write; encrypted-media; gyroscope; picture-in-picture; web-share\" referrerpolicy=\"strict-origin-when-cross-origin\" allowfullscreen><\/iframe>\n<\/div><\/figure>\n\n\n\n<h4 class=\"wp-block-heading\" id=\"avec-un-chainage-de-deux-entite\"> Avec un cha\u00eenage de deux entit\u00e9 <\/h4>\n\n\n\n<figure class=\"wp-block-embed is-type-video is-provider-youtube wp-block-embed-youtube wp-embed-aspect-16-9 wp-has-aspect-ratio\"><div class=\"wp-block-embed__wrapper\">\n<iframe loading=\"lazy\" title=\"Copier coller R  cha\u00een\u00e9\" width=\"750\" height=\"422\" src=\"https:\/\/www.youtube.com\/embed\/Osc6g65j9vA?feature=oembed\" frameborder=\"0\" allow=\"accelerometer; autoplay; clipboard-write; encrypted-media; gyroscope; picture-in-picture; web-share\" referrerpolicy=\"strict-origin-when-cross-origin\" allowfullscreen><\/iframe>\n<\/div><\/figure>\n\n\n\n<h4 class=\"wp-block-heading\" id=\"en-croisant-deux-entites\">En croisant deux entit\u00e9s<\/h4>\n\n\n\n<figure class=\"wp-block-embed is-type-video is-provider-youtube wp-block-embed-youtube wp-embed-aspect-16-9 wp-has-aspect-ratio\"><div class=\"wp-block-embed__wrapper\">\n<iframe loading=\"lazy\" title=\"Copier coller R  crois\u00e9\" width=\"750\" height=\"422\" src=\"https:\/\/www.youtube.com\/embed\/8RWmBrgPwCA?feature=oembed\" frameborder=\"0\" allow=\"accelerometer; autoplay; clipboard-write; encrypted-media; gyroscope; picture-in-picture; web-share\" referrerpolicy=\"strict-origin-when-cross-origin\" allowfullscreen><\/iframe>\n<\/div><\/figure>\n\n\n\n<h4 class=\"wp-block-heading\" id=\"avec-une-entite-emboitee\">Avec une entit\u00e9 embo\u00eet\u00e9e<\/h4>\n\n\n\n<figure class=\"wp-block-embed is-type-video is-provider-youtube wp-block-embed-youtube wp-embed-aspect-16-9 wp-has-aspect-ratio\"><div class=\"wp-block-embed__wrapper\">\n<iframe loading=\"lazy\" title=\"Copier coller R  embo\u00eet\u00e9\" width=\"750\" height=\"422\" src=\"https:\/\/www.youtube.com\/embed\/XkR0_lBxKfk?feature=oembed\" frameborder=\"0\" allow=\"accelerometer; autoplay; clipboard-write; encrypted-media; gyroscope; picture-in-picture; web-share\" referrerpolicy=\"strict-origin-when-cross-origin\" allowfullscreen><\/iframe>\n<\/div><\/figure>\n\n\n\n<h4 class=\"wp-block-heading\" id=\"en-combinant-chainage-et-emboitement\">En combinant cha\u00eenage et embo\u00eetement<\/h4>\n\n\n\n<figure class=\"wp-block-embed is-type-video is-provider-youtube wp-block-embed-youtube wp-embed-aspect-16-9 wp-has-aspect-ratio\"><div class=\"wp-block-embed__wrapper\">\n<iframe loading=\"lazy\" title=\"Copier coller R cha\u00een\u00e9 embo\u00eet\u00e9\" width=\"750\" height=\"422\" src=\"https:\/\/www.youtube.com\/embed\/LcZ8fQ5_PiY?feature=oembed\" frameborder=\"0\" allow=\"accelerometer; autoplay; clipboard-write; encrypted-media; gyroscope; picture-in-picture; web-share\" referrerpolicy=\"strict-origin-when-cross-origin\" allowfullscreen><\/iframe>\n<\/div><\/figure>\n\n\n\n<h2 class=\"wp-block-heading\" id=\"documents-de-reference\">Documents de r\u00e9f\u00e9rence<\/h2>\n\n\n\n<p><a href=\"http:\/\/www.intersyntaxe.com\/wordpress\/wp-content\/uploads\/2019\/06\/IS-D%C3%A9marche-g%C3%A9n%C3%A9rale.zip\">D\u00e9marche g\u00e9n\u00e9rale<\/a><\/p>\n\n\n\n<p><a href=\"http:\/\/www.intersyntaxe.net\/wp-content\/uploads\/2017\/07\/Livre_blanc_interSyntax_sur_la_modelisation.pdf\">Livre blanc<\/a><br><\/p>\n\n\n\n<h2 class=\"wp-block-heading\" id=\"exemples-de-modeles\">Exemples de mod\u00e8les<\/h2>\n\n\n\n<p><a href=\"https:\/\/www.intersyntax.net\/wp-content\/uploads\/2017\/07\/Exemple-A-planification.zip\">Planification<\/a><\/p>\n\n\n\n<p><a href=\"https:\/\/www.intersyntax.net\/wp-content\/uploads\/2017\/07\/Exemple-B-Gestion-RD.zip\">Gestion de R&amp;D<\/a><\/p>\n\n\n\n<p><a href=\"https:\/\/www.intersyntax.net\/wp-content\/uploads\/2025\/09\/Manuel-No-Web-Aout-2025.pdf\">Manuel utilisateur<\/a><\/p>\n\n\n\n<div data-wp-interactive=\"core\/file\" class=\"wp-block-file\"><object data-wp-bind--hidden=\"!state.hasPdfPreview\" hidden class=\"wp-block-file__embed\" data=\"https:\/\/www.intersyntax.net\/wp-content\/uploads\/2022\/01\/Politique-de-confidentialite.pdf\" type=\"application\/pdf\" style=\"width:100%;height:200px\" aria-label=\"Contenu embarqu\u00e9 Politique-de-confidentialite.\"><\/object><a id=\"wp-block-file--media-1689169c-cee0-4526-bda1-5ec0a8431e09\" href=\"https:\/\/www.intersyntax.net\/wp-content\/uploads\/2022\/01\/Politique-de-confidentialite.pdf\">Politique-de-confidentialite<\/a><a href=\"https:\/\/www.intersyntax.net\/wp-content\/uploads\/2022\/01\/Politique-de-confidentialite.pdf\" class=\"wp-block-file__button wp-element-button\" download aria-describedby=\"wp-block-file--media-1689169c-cee0-4526-bda1-5ec0a8431e09\">T\u00e9l\u00e9charger<\/a><\/div>\n\n\n\n<div class=\"wp-block-file\"><a id=\"wp-block-file--media-2508e69b-f93e-4538-8b85-80295f09acb4\" href=\"https:\/\/www.intersyntax.net\/wp-content\/uploads\/2022\/01\/Manuel-addin-No-Web.pptx\">Manuel-addin-No-Web<\/a><a href=\"https:\/\/www.intersyntax.net\/wp-content\/uploads\/2022\/01\/Manuel-addin-No-Web.pptx\" class=\"wp-block-file__button wp-element-button\" download aria-describedby=\"wp-block-file--media-2508e69b-f93e-4538-8b85-80295f09acb4\">T\u00e9l\u00e9charger<\/a><\/div>\n\n\n\n<h2 class=\"wp-block-heading\" id=\"nucleaire\"><\/h2>\n\n\n\n<div class=\"wp-block-file\"><\/div>\n\n\n\n\n\n<div class=\"wp-block-file\"><\/div>\n\n\n\n<div class=\"wp-block-file\"><\/div>\n\n\n\n<div class=\"wp-block-file\"><\/div>\n\n\n\n<p><\/p>\n","protected":false},"excerpt":{"rendered":"<p>Contact support Pri\u00e8re d&rsquo;envoyer un email \u00e0 : support@intersyntax.zendesk.com Vid\u00e9os de d\u00e9monstration Exemples de copier-coller relationnels Copier simple Avec un cha\u00eenage de deux entit\u00e9 En croisant deux entit\u00e9s Avec une entit\u00e9 embo\u00eet\u00e9e En combinant cha\u00eenage et embo\u00eetement Documents de r\u00e9f\u00e9rence D\u00e9marche g\u00e9n\u00e9rale Livre blanc Exemples de mod\u00e8les Planification Gestion de [&hellip;]<\/p>\n","protected":false},"author":1,"featured_media":0,"parent":0,"menu_order":0,"comment_status":"closed","ping_status":"closed","template":"","meta":{"footnotes":""},"class_list":["post-82","page","type-page","status-publish","hentry"],"_links":{"self":[{"href":"https:\/\/www.intersyntax.net\/index.php?rest_route=\/wp\/v2\/pages\/82","targetHints":{"allow":["GET"]}}],"collection":[{"href":"https:\/\/www.intersyntax.net\/index.php?rest_route=\/wp\/v2\/pages"}],"about":[{"href":"https:\/\/www.intersyntax.net\/index.php?rest_route=\/wp\/v2\/types\/page"}],"author":[{"embeddable":true,"href":"https:\/\/www.intersyntax.net\/index.php?rest_route=\/wp\/v2\/users\/1"}],"replies":[{"embeddable":true,"href":"https:\/\/www.intersyntax.net\/index.php?rest_route=%2Fwp%2Fv2%2Fcomments&post=82"}],"version-history":[{"count":37,"href":"https:\/\/www.intersyntax.net\/index.php?rest_route=\/wp\/v2\/pages\/82\/revisions"}],"predecessor-version":[{"id":437,"href":"https:\/\/www.intersyntax.net\/index.php?rest_route=\/wp\/v2\/pages\/82\/revisions\/437"}],"wp:attachment":[{"href":"https:\/\/www.intersyntax.net\/index.php?rest_route=%2Fwp%2Fv2%2Fmedia&parent=82"}],"curies":[{"name":"wp","href":"https:\/\/api.w.org\/{rel}","templated":true}]}}